{"id":21,"date":"2020-12-08T03:53:12","date_gmt":"2020-12-08T03:53:12","guid":{"rendered":"https:\/\/gaviaspreview.com\/wp\/tevily\/?page_id=21"},"modified":"2024-09-18T13:15:26","modified_gmt":"2024-09-18T11:15:26","slug":"qui-somme-nous","status":"publish","type":"page","link":"https:\/\/dreammoroccotravel.com\/index.php\/qui-somme-nous\/","title":{"rendered":"Qui somme nous"},"content":{"rendered":"\t\t<div data-elementor-type=\"wp-page\" data-elementor-id=\"21\" class=\"elementor elementor-21\">\n\t\t\t\t\t\t\t\t\t<section class=\"elementor-section elementor-top-section elementor-element elementor-element-027b947 elementor-section-full_width elementor-section-height-default elementor-section-height-default row-top\" data-id=\"027b947\" data-element_type=\"section\">\n\t\t\t\t\t\t<div class=\"elementor-container elementor-column-gap-default\">\n\t\t\t\t\t<div class=\"elementor-column elementor-col-100 elementor-top-column elementor-element elementor-element-d0bf791\" data-id=\"d0bf791\" data-element_type=\"column\">\n\t\t\t<div class=\"elementor-widget-wrap elementor-element-populated\">\n\t\t\t\t\t\t\t\t<div class=\"elementor-element elementor-element-41e2072 elementor-widget elementor-widget-gva_post_breadcrumb\" data-id=\"41e2072\" data-element_type=\"widget\" data-widget_type=\"gva_post_breadcrumb.default\">\n\t\t\t\t<div class=\"elementor-widget-container\">\n\t\t\t<div class=\"gva-element-gva_post_breadcrumb gva-element\">   \r\n<div class=\"post-breadcrumb\">\r\n   <div class=\"custom-breadcrumb \" >\r\n            <div class=\"breadcrumb-main\">\r\n        <div class=\"container\">\r\n          <div class=\"breadcrumb-container-inner\">\r\n            <h2 class=\"heading-title\">Qui somme nous<\/h2><ol class=\"breadcrumb\"><li><a href=\"https:\/\/dreammoroccotravel.com\">Home<\/a> <\/li> <li class=\"active\">Page<\/li><\/ol>          <\/div>  \r\n        <\/div>   \r\n      <\/div>  \r\n   <\/div>\r\n<\/div>      \r\n\r\n<\/div>\t\t<\/div>\n\t\t\t\t<\/div>\n\t\t\t\t<div class=\"elementor-element elementor-element-f2c6f82 elementor-widget elementor-widget-gva-heading-block\" data-id=\"f2c6f82\" data-element_type=\"widget\" data-widget_type=\"gva-heading-block.default\">\n\t\t\t\t<div class=\"elementor-widget-container\">\n\t\t\t<div class=\"gva-element-gva-heading-block gva-element\">   <div class=\"align-center style-5 widget gsc-heading box-align-left auto-responsive\">\r\n      <div class=\"content-inner\">\r\n         \r\n                  \r\n                     <div class=\"sub-title\"><span>Qui sommes nous <\/span><\/div>\r\n           \r\n         \r\n                     <h2 class=\"title\">\r\n               <span>DREAM MOROCCO TRAVEL<\/span>\r\n            <\/h2>\r\n                              <div class=\"title-desc\"><b>DREAM MOROCCO TRAVEL<\/b> est une entreprise de transport touristique et de transfert bas\u00e9e \u00e0 Marrakech, d\u00e9di\u00e9e \u00e0 offrir des exp\u00e9riences de voyage exceptionnelles au Maroc. Notre mission est de vous permettre de d\u00e9couvrir ce magnifique pays en toute simplicit\u00e9, tout en vous assurant confort et s\u00e9curit\u00e9 \u00e0 chaque \u00e9tape de votre voyage. Avec une \u00e9quipe de chauffeurs locaux exp\u00e9riment\u00e9s, une flotte de v\u00e9hicules bien entretenus, et une vari\u00e9t\u00e9 de services, nous sommes fiers de vous offrir des transferts pratiques depuis les a\u00e9roports, des excursions inoubliables \u00e0 travers le Maroc, et bien plus encore. Explorez le Maroc avec confiance.<\/div>\r\n         \r\n         \r\n      <\/div>\r\n   <\/div>\r\n<\/div>\t\t<\/div>\n\t\t\t\t<\/div>\n\t\t\t\t<div class=\"elementor-element elementor-element-cc73663 elementor-widget elementor-widget-gva-gallery\" data-id=\"cc73663\" data-element_type=\"widget\" data-widget_type=\"gva-gallery.default\">\n\t\t\t\t<div class=\"elementor-widget-container\">\n\t\t\t<div class=\"gva-element-gva-gallery gva-element\">\r\n<div class=\"gva-gallery-carousel swiper-slider-wrapper style-1 \">\r\n\t<div class=\"swiper-content-inner\">\r\n   \t<div class=\"init-carousel-swiper swiper\" data-carousel=\"{&quot;items&quot;:3,&quot;items_lg&quot;:3,&quot;items_md&quot;:3,&quot;items_sm&quot;:2,&quot;items_xs&quot;:1,&quot;items_xx&quot;:1,&quot;effect&quot;:&quot;slide&quot;,&quot;space_between&quot;:30,&quot;loop&quot;:1,&quot;speed&quot;:600,&quot;autoplay&quot;:1,&quot;autoplay_delay&quot;:4500,&quot;autoplay_hover&quot;:1,&quot;navigation&quot;:1,&quot;pagination&quot;:1,&quot;dynamic_bullets&quot;:0,&quot;pagination_type&quot;:&quot;bullets&quot;}\">\r\n      \t<div class=\"swiper-wrapper\">\r\n\t\t\t\t<div class=\"swiper-slide item\">\r\n<div class=\"gallery-item\">\r\n\r\n               <div class=\"image\">\r\n            <img decoding=\"async\" src=\"https:\/\/dreammoroccotravel.com\/wp-content\/uploads\/2023\/10\/421660-logo-580x450.jpeg\" alt=\"\" \/>  \r\n         <\/div>\r\n         <a class=\"photo-gallery\" href=\"https:\/\/dreammoroccotravel.com\/wp-content\/uploads\/2023\/10\/421660-logo.jpeg\" data-elementor-lightbox-slideshow=\"gallery-rf3v\"><\/a>\r\n      \r\n      <div class=\"image-content\">\r\n         <div class=\"content-inner\">\r\n                                 <\/div>   \r\n      <\/div>\r\n\r\n   <\/div>\r\n<\/div><div class=\"swiper-slide item\">\r\n<div class=\"gallery-item\">\r\n\r\n               <div class=\"image\">\r\n            <img decoding=\"async\" src=\"https:\/\/dreammoroccotravel.com\/wp-content\/uploads\/2023\/10\/shutterstock_259018373-580x450.jpeg\" alt=\"\" \/>  \r\n         <\/div>\r\n         <a class=\"photo-gallery\" href=\"https:\/\/dreammoroccotravel.com\/wp-content\/uploads\/2023\/10\/shutterstock_259018373-scaled.jpeg\" data-elementor-lightbox-slideshow=\"gallery-rf3v\"><\/a>\r\n      \r\n      <div class=\"image-content\">\r\n         <div class=\"content-inner\">\r\n                                 <\/div>   \r\n      <\/div>\r\n\r\n   <\/div>\r\n<\/div><div class=\"swiper-slide item\">\r\n<div class=\"gallery-item\">\r\n\r\n               <div class=\"image\">\r\n            <img decoding=\"async\" src=\"https:\/\/dreammoroccotravel.com\/wp-content\/uploads\/2023\/02\/e5-870x555-2-580x450.jpeg\" alt=\"\" \/>  \r\n         <\/div>\r\n         <a class=\"photo-gallery\" href=\"https:\/\/dreammoroccotravel.com\/wp-content\/uploads\/2023\/02\/e5-870x555-2.jpeg\" data-elementor-lightbox-slideshow=\"gallery-rf3v\"><\/a>\r\n      \r\n      <div class=\"image-content\">\r\n         <div class=\"content-inner\">\r\n                                 <\/div>   \r\n      <\/div>\r\n\r\n   <\/div>\r\n<\/div><div class=\"swiper-slide item\">\r\n<div class=\"gallery-item\">\r\n\r\n               <div class=\"image\">\r\n            <img decoding=\"async\" src=\"https:\/\/dreammoroccotravel.com\/wp-content\/uploads\/2023\/02\/imlil-trekking-870x555-1-580x450.jpg\" alt=\"\" \/>  \r\n         <\/div>\r\n         <a class=\"photo-gallery\" href=\"https:\/\/dreammoroccotravel.com\/wp-content\/uploads\/2023\/02\/imlil-trekking-870x555-1.jpg\" data-elementor-lightbox-slideshow=\"gallery-rf3v\"><\/a>\r\n      \r\n      <div class=\"image-content\">\r\n         <div class=\"content-inner\">\r\n                                 <\/div>   \r\n      <\/div>\r\n\r\n   <\/div>\r\n<\/div><div class=\"swiper-slide item\">\r\n<div class=\"gallery-item\">\r\n\r\n               <div class=\"image\">\r\n            <img decoding=\"async\" src=\"https:\/\/dreammoroccotravel.com\/wp-content\/uploads\/2023\/10\/wp11052864-580x450.webp\" alt=\"\" \/>  \r\n         <\/div>\r\n         <a class=\"photo-gallery\" href=\"https:\/\/dreammoroccotravel.com\/wp-content\/uploads\/2023\/10\/wp11052864.webp\" data-elementor-lightbox-slideshow=\"gallery-rf3v\"><\/a>\r\n      \r\n      <div class=\"image-content\">\r\n         <div class=\"content-inner\">\r\n                                 <\/div>   \r\n      <\/div>\r\n\r\n   <\/div>\r\n<\/div>\t\t\t<\/div>\r\n\t\t<\/div>\r\n\t<\/div>\r\n\t<div class=\"swiper-pagination\"><\/div>   <div class=\"swiper-nav-next\"><\/div><div class=\"swiper-nav-prev\"><\/div><\/div>\r\n<\/div>\t\t<\/div>\n\t\t\t\t<\/div>\n\t\t\t\t\t<\/div>\n\t\t<\/div>\n\t\t\t\t\t\t\t<\/div>\n\t\t<\/section>\n\t\t\t\t\t\t\t<\/div>\n\t\t","protected":false},"excerpt":{"rendered":"<p>Qui somme nous Home Page Qui sommes nous DREAM MOROCCO TRAVEL DREAM MOROCCO TRAVEL est une entreprise de transport touristique et de transfert bas\u00e9e \u00e0 Marrakech, d\u00e9di\u00e9e \u00e0 offrir des [&hellip;]<\/p>\n","protected":false},"author":1,"featured_media":0,"parent":0,"menu_order":0,"comment_status":"closed","ping_status":"closed","template":"","meta":{"footnotes":""},"class_list":["post-21","page","type-page","status-publish","hentry"],"yoast_head":"<!-- This site is optimized with the Yoast SEO plugin v20.8 - https:\/\/yoast.com\/wordpress\/plugins\/seo\/ -->\n<title>Qui somme nous - Dream Morocco Travel<\/title>\n<meta name=\"robots\" content=\"index, follow, max-snippet:-1, max-image-preview:large, max-video-preview:-1\" \/>\n<link rel=\"canonical\" href=\"https:\/\/dreammoroccotravel.com\/index.php\/qui-somme-nous\/\" \/>\n<meta property=\"og:locale\" content=\"fr_FR\" \/>\n<meta property=\"og:type\" content=\"article\" \/>\n<meta property=\"og:title\" content=\"Qui somme nous - Dream Morocco Travel\" \/>\n<meta property=\"og:description\" content=\"Qui somme nous Home Page Qui sommes nous DREAM MOROCCO TRAVEL DREAM MOROCCO TRAVEL est une entreprise de transport touristique et de transfert bas\u00e9e \u00e0 Marrakech, d\u00e9di\u00e9e \u00e0 offrir des [&hellip;]\" \/>\n<meta property=\"og:url\" content=\"https:\/\/dreammoroccotravel.com\/index.php\/qui-somme-nous\/\" \/>\n<meta property=\"og:site_name\" content=\"Dream Morocco Travel\" \/>\n<meta property=\"article:modified_time\" content=\"2024-09-18T11:15:26+00:00\" \/>\n<meta property=\"og:image\" content=\"https:\/\/dreammoroccotravel.com\/wp-content\/uploads\/2023\/10\/421660-logo-580x450.jpeg\" \/>\n<meta name=\"twitter:card\" content=\"summary_large_image\" \/>\n<meta name=\"twitter:label1\" content=\"Dur\u00e9e de lecture estim\u00e9e\" \/>\n\t<meta name=\"twitter:data1\" content=\"3 minutes\" \/>\n<script type=\"application\/ld+json\" class=\"yoast-schema-graph\">{\"@context\":\"https:\/\/schema.org\",\"@graph\":[{\"@type\":\"WebPage\",\"@id\":\"https:\/\/dreammoroccotravel.com\/index.php\/qui-somme-nous\/\",\"url\":\"https:\/\/dreammoroccotravel.com\/index.php\/qui-somme-nous\/\",\"name\":\"Qui somme nous - Dream Morocco Travel\",\"isPartOf\":{\"@id\":\"https:\/\/dreammoroccotravel.com\/#website\"},\"datePublished\":\"2020-12-08T03:53:12+00:00\",\"dateModified\":\"2024-09-18T11:15:26+00:00\",\"breadcrumb\":{\"@id\":\"https:\/\/dreammoroccotravel.com\/index.php\/qui-somme-nous\/#breadcrumb\"},\"inLanguage\":\"fr-FR\",\"potentialAction\":[{\"@type\":\"ReadAction\",\"target\":[\"https:\/\/dreammoroccotravel.com\/index.php\/qui-somme-nous\/\"]}]},{\"@type\":\"BreadcrumbList\",\"@id\":\"https:\/\/dreammoroccotravel.com\/index.php\/qui-somme-nous\/#breadcrumb\",\"itemListElement\":[{\"@type\":\"ListItem\",\"position\":1,\"name\":\"Accueil\",\"item\":\"https:\/\/dreammoroccotravel.com\/\"},{\"@type\":\"ListItem\",\"position\":2,\"name\":\"Qui somme nous\"}]},{\"@type\":\"WebSite\",\"@id\":\"https:\/\/dreammoroccotravel.com\/#website\",\"url\":\"https:\/\/dreammoroccotravel.com\/\",\"name\":\"Dream Morocco Travel\",\"description\":\"Excursions-ACTIVIT\u00c9S-Transport et Transfert\",\"publisher\":{\"@id\":\"https:\/\/dreammoroccotravel.com\/#organization\"},\"potentialAction\":[{\"@type\":\"SearchAction\",\"target\":{\"@type\":\"EntryPoint\",\"urlTemplate\":\"https:\/\/dreammoroccotravel.com\/?s={search_term_string}\"},\"query-input\":\"required name=search_term_string\"}],\"inLanguage\":\"fr-FR\"},{\"@type\":\"Organization\",\"@id\":\"https:\/\/dreammoroccotravel.com\/#organization\",\"name\":\"Dream Morocco Travel\",\"url\":\"https:\/\/dreammoroccotravel.com\/\",\"logo\":{\"@type\":\"ImageObject\",\"inLanguage\":\"fr-FR\",\"@id\":\"https:\/\/dreammoroccotravel.com\/#\/schema\/logo\/image\/\",\"url\":\"https:\/\/quad-horse.com\/wp-content\/uploads\/2021\/08\/cropped-Blue-Modern-Up-Chart-Illustration-Investment-Company-Logo-1.png\",\"contentUrl\":\"https:\/\/quad-horse.com\/wp-content\/uploads\/2021\/08\/cropped-Blue-Modern-Up-Chart-Illustration-Investment-Company-Logo-1.png\",\"width\":512,\"height\":512,\"caption\":\"Dream Morocco Travel\"},\"image\":{\"@id\":\"https:\/\/dreammoroccotravel.com\/#\/schema\/logo\/image\/\"}}]}<\/script>\n<!-- \/ Yoast SEO plugin. -->","yoast_head_json":{"title":"Qui somme nous - Dream Morocco Travel","robots":{"index":"index","follow":"follow","max-snippet":"max-snippet:-1","max-image-preview":"max-image-preview:large","max-video-preview":"max-video-preview:-1"},"canonical":"https:\/\/dreammoroccotravel.com\/index.php\/qui-somme-nous\/","og_locale":"fr_FR","og_type":"article","og_title":"Qui somme nous - Dream Morocco Travel","og_description":"Qui somme nous Home Page Qui sommes nous DREAM MOROCCO TRAVEL DREAM MOROCCO TRAVEL est une entreprise de transport touristique et de transfert bas\u00e9e \u00e0 Marrakech, d\u00e9di\u00e9e \u00e0 offrir des [&hellip;]","og_url":"https:\/\/dreammoroccotravel.com\/index.php\/qui-somme-nous\/","og_site_name":"Dream Morocco Travel","article_modified_time":"2024-09-18T11:15:26+00:00","og_image":[{"url":"https:\/\/dreammoroccotravel.com\/wp-content\/uploads\/2023\/10\/421660-logo-580x450.jpeg"}],"twitter_card":"summary_large_image","twitter_misc":{"Dur\u00e9e de lecture estim\u00e9e":"3 minutes"},"schema":{"@context":"https:\/\/schema.org","@graph":[{"@type":"WebPage","@id":"https:\/\/dreammoroccotravel.com\/index.php\/qui-somme-nous\/","url":"https:\/\/dreammoroccotravel.com\/index.php\/qui-somme-nous\/","name":"Qui somme nous - Dream Morocco Travel","isPartOf":{"@id":"https:\/\/dreammoroccotravel.com\/#website"},"datePublished":"2020-12-08T03:53:12+00:00","dateModified":"2024-09-18T11:15:26+00:00","breadcrumb":{"@id":"https:\/\/dreammoroccotravel.com\/index.php\/qui-somme-nous\/#breadcrumb"},"inLanguage":"fr-FR","potentialAction":[{"@type":"ReadAction","target":["https:\/\/dreammoroccotravel.com\/index.php\/qui-somme-nous\/"]}]},{"@type":"BreadcrumbList","@id":"https:\/\/dreammoroccotravel.com\/index.php\/qui-somme-nous\/#breadcrumb","itemListElement":[{"@type":"ListItem","position":1,"name":"Accueil","item":"https:\/\/dreammoroccotravel.com\/"},{"@type":"ListItem","position":2,"name":"Qui somme nous"}]},{"@type":"WebSite","@id":"https:\/\/dreammoroccotravel.com\/#website","url":"https:\/\/dreammoroccotravel.com\/","name":"Dream Morocco Travel","description":"Excursions-ACTIVIT\u00c9S-Transport et Transfert","publisher":{"@id":"https:\/\/dreammoroccotravel.com\/#organization"},"potentialAction":[{"@type":"SearchAction","target":{"@type":"EntryPoint","urlTemplate":"https:\/\/dreammoroccotravel.com\/?s={search_term_string}"},"query-input":"required name=search_term_string"}],"inLanguage":"fr-FR"},{"@type":"Organization","@id":"https:\/\/dreammoroccotravel.com\/#organization","name":"Dream Morocco Travel","url":"https:\/\/dreammoroccotravel.com\/","logo":{"@type":"ImageObject","inLanguage":"fr-FR","@id":"https:\/\/dreammoroccotravel.com\/#\/schema\/logo\/image\/","url":"https:\/\/quad-horse.com\/wp-content\/uploads\/2021\/08\/cropped-Blue-Modern-Up-Chart-Illustration-Investment-Company-Logo-1.png","contentUrl":"https:\/\/quad-horse.com\/wp-content\/uploads\/2021\/08\/cropped-Blue-Modern-Up-Chart-Illustration-Investment-Company-Logo-1.png","width":512,"height":512,"caption":"Dream Morocco Travel"},"image":{"@id":"https:\/\/dreammoroccotravel.com\/#\/schema\/logo\/image\/"}}]}},"_links":{"self":[{"href":"https:\/\/dreammoroccotravel.com\/index.php\/wp-json\/wp\/v2\/pages\/21","targetHints":{"allow":["GET"]}}],"collection":[{"href":"https:\/\/dreammoroccotravel.com\/index.php\/wp-json\/wp\/v2\/pages"}],"about":[{"href":"https:\/\/dreammoroccotravel.com\/index.php\/wp-json\/wp\/v2\/types\/page"}],"author":[{"embeddable":true,"href":"https:\/\/dreammoroccotravel.com\/index.php\/wp-json\/wp\/v2\/users\/1"}],"replies":[{"embeddable":true,"href":"https:\/\/dreammoroccotravel.com\/index.php\/wp-json\/wp\/v2\/comments?post=21"}],"version-history":[{"count":40,"href":"https:\/\/dreammoroccotravel.com\/index.php\/wp-json\/wp\/v2\/pages\/21\/revisions"}],"predecessor-version":[{"id":2275,"href":"https:\/\/dreammoroccotravel.com\/index.php\/wp-json\/wp\/v2\/pages\/21\/revisions\/2275"}],"wp:attachment":[{"href":"https:\/\/dreammoroccotravel.com\/index.php\/wp-json\/wp\/v2\/media?parent=21"}],"curies":[{"name":"wp","href":"https:\/\/api.w.org\/{rel}","templated":true}]}}